{"id":3882,"date":"2024-11-14T12:13:10","date_gmt":"2024-11-14T12:13:10","guid":{"rendered":"https:\/\/lirgroup.heanet.ie\/?page_id=3882"},"modified":"2024-11-29T10:58:26","modified_gmt":"2024-11-29T10:58:26","slug":"digital-preservation","status":"publish","type":"page","link":"https:\/\/lirgroup.heanet.ie\/index.php\/digital-preservation\/","title":{"rendered":"Digital Preservation: Ensuring Access, Authenticity, and Usability for the Future"},"content":{"rendered":"<p>[et_pb_section fb_built=&#8221;1&#8243; fullwidth=&#8221;on&#8221; _builder_version=&#8221;4.21.0&#8243; background_image=&#8221;https:\/\/lirgroup.heanet.ie\/wp-content\/uploads\/2024\/05\/Banner2.jpg&#8221; background_size=&#8221;contain&#8221; background_position=&#8221;bottom_left&#8221; custom_margin=&#8221;0px|0px|0px|0px&#8221; custom_padding=&#8221;0px|0px|0px|0px&#8221; custom_css_main_element=&#8221;z-index: 800;&#8221; box_shadow_style=&#8221;preset3&#8243; global_module=&#8221;731&#8243; global_colors_info=&#8221;{}&#8221;][et_pb_fullwidth_menu menu_id=&#8221;6&#8243; submenu_direction=&#8221;downwards&#8221; fullwidth_menu=&#8221;off&#8221; admin_label=&#8221;Sub Pages Menu&#8221; _builder_version=&#8221;4.21.0&#8243; background_color=&#8221;#FFFFFF&#8221; background_enable_image=&#8221;off&#8221; background_size=&#8221;initial&#8221; background_position=&#8221;top_left&#8221; background_repeat=&#8221;repeat&#8221; text_orientation=&#8221;right&#8221; custom_margin=&#8221;0px|0px|0px|0px&#8221; custom_padding=&#8221;0px|0px|0px|0px&#8221; custom_css_main_element=&#8221;z-index: 1000;&#8221; box_shadow_style=&#8221;preset3&#8243; global_colors_info=&#8221;{}&#8221;][\/et_pb_fullwidth_menu][\/et_pb_section][et_pb_section fb_built=&#8221;1&#8243; _builder_version=&#8221;4.21.0&#8243; background_color=&#8221;RGBA(255,255,255,0)&#8221; background_image=&#8221;https:\/\/lirgroup.heanet.ie\/wp-content\/uploads\/2024\/11\/Wordpress-header4.jpg&#8221; background_size=&#8221;contain&#8221; width=&#8221;100%&#8221; min_height=&#8221;478px&#8221; height=&#8221;387px&#8221; custom_padding=&#8221;15px||11px||false|false&#8221; global_colors_info=&#8221;{}&#8221;][et_pb_row _builder_version=&#8221;4.21.0&#8243; background_size=&#8221;initial&#8221; background_position=&#8221;top_left&#8221; background_repeat=&#8221;repeat&#8221; custom_margin=&#8221;1px|auto||auto||&#8221; custom_padding=&#8221;13px||6px|5px||&#8221; global_colors_info=&#8221;{}&#8221;][et_pb_column type=&#8221;4_4&#8243; _builder_version=&#8221;4.16&#8243; custom_padding=&#8221;|||&#8221; global_colors_info=&#8221;{}&#8221; custom_padding__hover=&#8221;|||&#8221;][\/et_pb_column][\/et_pb_row][\/et_pb_section][et_pb_section fb_built=&#8221;1&#8243; _builder_version=&#8221;4.21.0&#8243; _module_preset=&#8221;default&#8221; background_color=&#8221;#884b36&#8243; background_enable_image=&#8221;off&#8221; global_colors_info=&#8221;{}&#8221;][et_pb_row _builder_version=&#8221;4.21.0&#8243; _module_preset=&#8221;default&#8221; background_color=&#8221;RGBA(255,255,255,0)&#8221; border_radii=&#8221;on|2px|2px|2px|2px&#8221; border_width_all=&#8221;3px&#8221; border_color_all=&#8221;#edd1a6&#8243; box_shadow_style=&#8221;preset1&#8243; box_shadow_color=&#8221;#4e3226&#8243; global_colors_info=&#8221;{}&#8221;][et_pb_column type=&#8221;4_4&#8243; _builder_version=&#8221;4.16&#8243; _module_preset=&#8221;default&#8221; global_colors_info=&#8221;{}&#8221;][et_pb_cta title=&#8221;10.30 &#8211; 11.30 am, Friday 6th December 2024&#8243; button_url=&#8221;https:\/\/app.tickettailor.com\/events\/lirgroup\/1468227&#8243; url_new_window=&#8221;on&#8221; _builder_version=&#8221;4.21.0&#8243; _module_preset=&#8221;default&#8221; header_text_color=&#8221;#edd1a6&#8243; body_text_color=&#8221;#edd1a6&#8243; use_background_color=&#8221;off&#8221; custom_button=&#8221;on&#8221; button_text_color=&#8221;#edd1a6&#8243; button_bg_color=&#8221;#4e3226&#8243; link_option_url_new_window=&#8221;on&#8221; global_colors_info=&#8221;{}&#8221;][\/et_pb_cta][\/et_pb_column][\/et_pb_row][\/et_pb_section][et_pb_section fb_built=&#8221;1&#8243; _builder_version=&#8221;4.21.0&#8243; background_color=&#8221;#edd1a6&#8243; background_enable_image=&#8221;off&#8221; background_size=&#8221;contain&#8221; background_position=&#8221;bottom_right&#8221; custom_padding=&#8221;17px||14px|||&#8221; box_shadow_style=&#8221;preset6&#8243; global_colors_info=&#8221;{}&#8221;][et_pb_row _builder_version=&#8221;4.21.0&#8243; background_size=&#8221;initial&#8221; background_position=&#8221;top_left&#8221; background_repeat=&#8221;repeat&#8221; custom_padding=&#8221;||12px|||&#8221; global_colors_info=&#8221;{}&#8221;][et_pb_column type=&#8221;4_4&#8243; _builder_version=&#8221;4.16&#8243; custom_padding=&#8221;|||&#8221; global_colors_info=&#8221;{}&#8221; custom_padding__hover=&#8221;|||&#8221;][et_pb_text _builder_version=&#8221;4.21.0&#8243; _module_preset=&#8221;default&#8221; text_text_color=&#8221;#4e3226&#8243; text_font_size=&#8221;20px&#8221; header_text_color=&#8221;#4e3226&#8243; global_colors_info=&#8221;{}&#8221;]<\/p>\n<p>\u00a0<span style=\"color: #800000;\"><strong>The LIR mission is to keep librarians, academic librarians in particular, informed about technologies that affect their practice.<\/strong><\/span><\/p>\n<p><span style=\"color: #800000;\">Digital Preservation is the active management of digital resources to ensure they remain accessible and usable over time.\u00a0 The emphasis is on the long-term maintenance of authenticity, reliability, and usability.\u00a0 <\/span><\/p>\n<p><span style=\"color: #800000;\">Digital Preservation: Ensuring Access, Authenticity, and Usability for the Future will provide a comprehensive overview on the topic of digital preservation, and place it within an Irish context, with insights from practitioners in Irish libraries and archives.\u00a0 Broad themes will include: <\/span><\/p>\n<ul>\n<li><span style=\"color: #800000;\">An Introduction to Digital Preservation <\/span><\/li>\n<li><span style=\"color: #800000;\">Digital Preservation Policy and Implementation Strategy <\/span><\/li>\n<li><span style=\"color: #800000;\">The Relationship with Digitisation and Digital Preservation <\/span><\/li>\n<li><span style=\"color: #800000;\">A Panel Discussion<\/span><\/li>\n<\/ul>\n<p><span style=\"color: #800000;\"><\/span><\/p>\n<p>[\/et_pb_text][\/et_pb_column][\/et_pb_row][\/et_pb_section][et_pb_section fb_built=&#8221;1&#8243; _builder_version=&#8221;4.21.0&#8243; _module_preset=&#8221;default&#8221; background_color=&#8221;#884b36&#8243; background_enable_image=&#8221;off&#8221; global_colors_info=&#8221;{}&#8221;][et_pb_row _builder_version=&#8221;4.21.0&#8243; _module_preset=&#8221;default&#8221; background_color=&#8221;RGBA(255,255,255,0)&#8221; border_radii=&#8221;on|2px|2px|2px|2px&#8221; border_width_all=&#8221;3px&#8221; border_color_all=&#8221;#edd1a6&#8243; box_shadow_style=&#8221;preset1&#8243; box_shadow_color=&#8221;#4e3226&#8243; global_colors_info=&#8221;{}&#8221;][et_pb_column type=&#8221;4_4&#8243; _builder_version=&#8221;4.16&#8243; _module_preset=&#8221;default&#8221; global_colors_info=&#8221;{}&#8221;][et_pb_cta title=&#8221;This seminar is now fully booked. &#8221; url_new_window=&#8221;on&#8221; button_text=&#8221;Book your place now&#8221; _builder_version=&#8221;4.21.0&#8243; _module_preset=&#8221;default&#8221; header_text_color=&#8221;#edd1a6&#8243; body_text_color=&#8221;#edd1a6&#8243; use_background_color=&#8221;off&#8221; custom_button=&#8221;on&#8221; button_text_color=&#8221;#edd1a6&#8243; button_bg_color=&#8221;#4e3226&#8243; link_option_url_new_window=&#8221;on&#8221; hover_enabled=&#8221;0&#8243; global_colors_info=&#8221;{}&#8221; sticky_enabled=&#8221;0&#8243;]<\/p>\n<p><em>A recording of the talks will be shared on <a href=\"https:\/\/www.youtube.com\/@lirHEAnetgroup\">LIR\u2019s YouTube page<\/a> in the days after the event.\u00a0 Thank you for your interest.<\/em><\/p>\n<p>[\/et_pb_cta][\/et_pb_column][\/et_pb_row][\/et_pb_section][et_pb_section fb_built=&#8221;1&#8243; _builder_version=&#8221;4.21.0&#8243; _module_preset=&#8221;default&#8221; background_color=&#8221;#edd1a6&#8243; custom_padding=&#8221;30px|||||&#8221; global_colors_info=&#8221;{}&#8221;][et_pb_row _builder_version=&#8221;4.16&#8243; _module_preset=&#8221;default&#8221; global_colors_info=&#8221;{}&#8221;][et_pb_column type=&#8221;4_4&#8243; _builder_version=&#8221;4.16&#8243; _module_preset=&#8221;default&#8221; global_colors_info=&#8221;{}&#8221;][et_pb_text _builder_version=&#8221;4.21.0&#8243; _module_preset=&#8221;default&#8221; text_text_color=&#8221;#4e3226&#8243; text_font_size=&#8221;20px&#8221; header_text_color=&#8221;#4e3226&#8243; global_colors_info=&#8221;{}&#8221;]<\/p>\n<p>&nbsp;<\/p>\n<p><span style=\"color: #800000;\"><strong>Speakers<\/strong><\/span><\/p>\n<p style=\"text-align: justify;\"><span style=\"color: #800000;\">The speakers will talk for 15 minutes on each area, followed by a Panel Discussion.\u00a0 The Panel will be chaired by <strong>Jenny O&#8217;Neill<\/strong>, the Co-Chair of the EOSC Long-Term Data Retention Task Force and Research Engagement Officer with HEAnet.\u00a0 <\/span><\/p>\n<p style=\"text-align: justify;\"><span style=\"color: #800000;\">The session will take place over Zoom. \u00a0To book your place, click on the button above.\u00a0 Attendance is free for all staff from<\/span> <a href=\"https:\/\/lirgroup.heanet.ie\/index.php\/members\/\" target=\"_blank\" rel=\"noopener\">LIR member institutions<\/a>.<\/p>\n<p>[\/et_pb_text][\/et_pb_column][\/et_pb_row][et_pb_row column_structure=&#8221;1_3,1_3,1_3&#8243; _builder_version=&#8221;4.21.0&#8243; _module_preset=&#8221;default&#8221; global_colors_info=&#8221;{}&#8221;][et_pb_column type=&#8221;1_3&#8243; _builder_version=&#8221;4.16&#8243; _module_preset=&#8221;default&#8221; global_colors_info=&#8221;{}&#8221;][et_pb_team_member name=&#8221;Niamh Murphy&#8221; position=&#8221;Digital Preservation Librarian, University College Dublin&#8221; image_url=&#8221;https:\/\/lirgroup.heanet.ie\/wp-content\/uploads\/2024\/11\/IMG_8205-Niamh-Murphy.jpeg&#8221; _builder_version=&#8221;4.21.0&#8243; _module_preset=&#8221;default&#8221; header_font=&#8221;|800|||||||&#8221; header_text_color=&#8221;#884b36&#8243; body_text_color=&#8221;#884b36&#8243; position_text_color=&#8221;#ba8048&#8243; border_radii_image=&#8221;on|5px|5px|5px|5px&#8221; border_width_all_image=&#8221;2px&#8221; border_color_all_image=&#8221;#000000&#8243; box_shadow_style_image=&#8221;preset3&#8243; global_colors_info=&#8221;{}&#8221;]<\/p>\n<p>&nbsp;<\/p>\n<p><span style=\"color: #800000;\"><span>Niamh Murphy is the Digital Preservation Librarian at UCD Library, University College Dublin. She serves as Vice Chair of the Digital Preservation Coalition&#8217;s Advocacy and Community Engagement Sub-Committee and has authored several technical guides for the Digital Preservation Coalition, including resources on file format identification software and optical media imaging. Her Guide to the Installation of IsoBuster, IROMLAB, and IROMSGL, along with its accompanying blog post, was recognised by the Society of American Archivists as one of their most valued resources for 2024. <\/span><\/span><\/p>\n<p><span style=\"color: #800000;\">\u00a0<\/span><\/p>\n<p><span style=\"text-decoration: underline;\"><span style=\"color: #800000;\"><strong>Brief abstract:<\/strong><\/span><\/span><\/p>\n<p><strong><span style=\"color: #800000;\">Niamh will provide a comprehensive introduction to digital preservation for Irish academic library staff, covering types of digital preservation, technical foundations, resources and support, and implementation strategy.<\/span><\/strong><\/p>\n<p><strong><\/strong><\/p>\n<p>[\/et_pb_team_member][et_pb_image src=&#8221;https:\/\/lirgroup.heanet.ie\/wp-content\/uploads\/2024\/11\/University-College-Dublin-1.jpg&#8221; alt=&#8221;UCD logo&#8221; title_text=&#8221;University-College-Dublin&#8221; _builder_version=&#8221;4.21.0&#8243; _module_preset=&#8221;default&#8221; global_colors_info=&#8221;{}&#8221;][\/et_pb_image][\/et_pb_column][et_pb_column type=&#8221;1_3&#8243; _builder_version=&#8221;4.16&#8243; _module_preset=&#8221;default&#8221; global_colors_info=&#8221;{}&#8221;][et_pb_team_member name=&#8221;Kieran O&#8217;Leary&#8221; position=&#8221;Digital Repository Services Manager, National Library of Ireland&#8221; image_url=&#8221;https:\/\/lirgroup.heanet.ie\/wp-content\/uploads\/2024\/11\/dinosaur-Kieran-O-Leary-scaled.jpg&#8221; _builder_version=&#8221;4.21.0&#8243; _module_preset=&#8221;default&#8221; header_font=&#8221;|800|||||||&#8221; header_text_color=&#8221;#884b36&#8243; position_text_color=&#8221;#ba8048&#8243; border_radii_image=&#8221;on|5px|5px|5px|5px&#8221; border_width_all_image=&#8221;2px&#8221; border_color_all_image=&#8221;#000000&#8243; box_shadow_style_image=&#8221;preset3&#8243; global_colors_info=&#8221;{}&#8221;]<\/p>\n<p><span style=\"color: #800000;\"><\/span><\/p>\n<p><span style=\"color: #800000;\"><\/span><\/p>\n<p><span style=\"color: #800000;\"><span>Kieran is the Digital Repository Services Manager with the National Library of Ireland, leading the Digital Preservation and Repository Services Team within the Digital Collections department. He has worked in the field of digital preservation, born-digital archival material, software development and audiovisual preservation for over a decade. His work has resulted in several awards, including a DPC Digital Preservation Award in 2018 for his work with the IFI Irish Film Archive. Kieran also teaches digital preservation topics and tools with a variety of institutions, including University College Dublin and is currently enrolled in the Archives and Records Management MA in UCD.<\/span><\/span><\/p>\n<p>[\/et_pb_team_member][et_pb_team_member name=&#8221;Leona Fearon&#8221; position=&#8221;Digital Preservation Analyst, National Library of Ireland&#8221; image_url=&#8221;https:\/\/lirgroup.heanet.ie\/wp-content\/uploads\/2024\/11\/LeonaProfilePic-leona-fearon.jpeg&#8221; _builder_version=&#8221;4.21.0&#8243; _module_preset=&#8221;default&#8221; header_font=&#8221;|800|||||||&#8221; header_text_color=&#8221;#884b36&#8243; body_text_color=&#8221;#884b36&#8243; position_text_color=&#8221;#ba8048&#8243; border_radii_image=&#8221;on|5px|5px|5px|5px&#8221; border_width_all_image=&#8221;2px&#8221; border_color_all_image=&#8221;#000000&#8243; box_shadow_style_image=&#8221;preset3&#8243; global_colors_info=&#8221;{}&#8221;]<\/p>\n<p>&nbsp;<\/p>\n<p><span style=\"color: #800000;\"><span>Leona Fearon joined the National Library of Ireland in November 2024, alongside Kieran O\u2019Leary in the newly formed Digital Preservation and Repository Services Team. She previously worked in the Public Record Office of Northern Ireland (PRONI) across a number of roles, primarily focused on the acquisition and long-term preservation of digital records from the NI public sector. She has extensive experience in the provision of access to trauma related archives, and was responsible for the delivery of the Annual Release of State Papers for a number of years. Her most recent role was focused on the technical transfer of digital records from Public Inquiries to PRONI, and the various sensitivities and technical considerations emanating from this. She has recently obtained a Post Graduate Certificate in Software Development from Ulster University. In her NLI role she will be primarily focused on the implementation of the newly created Digital Preservation policy and will be undertaking a number of projects to implement the principles it outlines.<\/span><\/span><\/p>\n<p>[\/et_pb_team_member][et_pb_team_member _builder_version=&#8221;4.21.0&#8243; _module_preset=&#8221;default&#8221; header_font=&#8221;|800|||||||&#8221; header_text_color=&#8221;#884b36&#8243; position_text_color=&#8221;#ba8048&#8243; border_radii_image=&#8221;on|5px|5px|5px|5px&#8221; border_width_all_image=&#8221;2px&#8221; border_color_all_image=&#8221;#000000&#8243; box_shadow_style_image=&#8221;preset3&#8243; global_colors_info=&#8221;{}&#8221;]<\/p>\n<p><span style=\"text-decoration: underline;\"><strong><span style=\"color: #800000; text-decoration: underline;\">Brief abstract:<\/span><\/strong><\/span><\/p>\n<p><strong><span style=\"color: #800000;\">The National Library of Ireland (NLI) unveiled its inaugural Digital Preservation Policy in 2023, marking a significant milestone in its commitment to safeguarding digital heritage. This presentation delves into the policy&#8217;s development, highlighting the collaborative efforts and resources that shaped its creation, including the application of the DPC Digital Preservation Policy Toolkit. Key policy statements will be explored, alongside an overview of the implementation strategies, some of which are already underway while others are set to commence. Additionally, the presentation will examine the organisational changes and advancements driven by the policy&#8217;s publication, offering insights into its impact on the NLI\u2019s digital preservation practices.<\/span><\/strong><\/p>\n<p>[\/et_pb_team_member][et_pb_image src=&#8221;https:\/\/lirgroup.heanet.ie\/wp-content\/uploads\/2024\/11\/10_NL_Ci-1.jpg&#8221; alt=&#8221;NLI logo&#8221; title_text=&#8221;10_NL_Ci&#8221; _builder_version=&#8221;4.21.0&#8243; _module_preset=&#8221;default&#8221; global_colors_info=&#8221;{}&#8221;][\/et_pb_image][\/et_pb_column][et_pb_column type=&#8221;1_3&#8243; _builder_version=&#8221;4.16&#8243; _module_preset=&#8221;default&#8221; global_colors_info=&#8221;{}&#8221;][et_pb_team_member name=&#8221;Anja Mahler&#8221; position=&#8221;Senior Archivist for Sound, Radi\u00f3 Teilifis \u00c9ireann (RT\u00c9)&#8221; image_url=&#8221;https:\/\/lirgroup.heanet.ie\/wp-content\/uploads\/2024\/11\/Portrait-Anja-Mahler-Anja-Mahler-scaled.jpg&#8221; _builder_version=&#8221;4.21.0&#8243; _module_preset=&#8221;default&#8221; header_font=&#8221;|800|||||||&#8221; header_text_color=&#8221;#884b36&#8243; position_text_color=&#8221;#ba8048&#8243; border_radii_image=&#8221;on|5px|5px|5px|5px&#8221; border_width_all_image=&#8221;2px&#8221; border_color_all_image=&#8221;#000000&#8243; box_shadow_style_image=&#8221;preset3&#8243; global_colors_info=&#8221;{}&#8221;]<\/p>\n<p><span style=\"font-size: 16px;\"><\/span><\/p>\n<p><span style=\"font-size: 16px;\"><\/span><\/p>\n<p><span style=\"color: #800000;\"><span>Anja Mahler is the Senior Archivist for Sound at Radi\u00f3 Teilifis \u00c9ireann (RT\u00c9), Ireland\u2019s national public service broadcaster. She oversees the digitization of RT\u00c9\u2019s audio archive, which includes quarter-inch tapes and optical disc media, to ensure the preservation of Ireland\u2019s audio heritage for future generations. <\/span><\/span><\/p>\n<p><span style=\"color: #800000;\"><\/span><\/p>\n<p><span style=\"color: #800000;\"><\/span><\/p>\n<p><span style=\"text-decoration: underline;\"><strong><span style=\"color: #800000; text-decoration: underline;\">Brief abstract:<\/span><\/strong><\/span><\/p>\n<p><strong><span style=\"color: #800000;\">RT\u00c9 was recently honoured with a FIAT\/IFTA Archive Achievement Award in media preservation, underscoring its commitment to excellence in archival practices. In this presentation, Anja Mahler will discuss this recognition in relation to digital preservation principles, focusing on her role in leading the digitization of RT\u00c9\u2019s extensive audio collections.<\/span><\/strong><\/p>\n<p>&nbsp;<\/p>\n<p>[\/et_pb_team_member][et_pb_image src=&#8221;https:\/\/lirgroup.heanet.ie\/wp-content\/uploads\/2024\/11\/rte-logo-152&#215;152-1.png&#8221; alt=&#8221;RTE logo&#8221; title_text=&#8221;rte-logo-152&#215;152-1&#8243; _builder_version=&#8221;4.21.0&#8243; _module_preset=&#8221;default&#8221; global_colors_info=&#8221;{}&#8221;][\/et_pb_image][\/et_pb_column][\/et_pb_row][\/et_pb_section][et_pb_section fb_built=&#8221;1&#8243; admin_label=&#8221;Section&#8221; _builder_version=&#8221;4.21.0&#8243; background_enable_color=&#8221;off&#8221; custom_margin=&#8221;0px|0px|0px|0px&#8221; custom_padding=&#8221;0px|0px|0px|0px&#8221; border_width_all=&#8221;1px&#8221; border_color_all=&#8221;#000000&#8243; border_style_all=&#8221;dashed&#8221; border_width_right=&#8221;0px&#8221; border_width_bottom=&#8221;0px&#8221; border_width_left=&#8221;0px&#8221; global_module=&#8221;660&#8243; global_colors_info=&#8221;{}&#8221;][et_pb_row _builder_version=&#8221;4.16&#8243; background_enable_color=&#8221;off&#8221; background_size=&#8221;initial&#8221; background_position=&#8221;top_left&#8221; background_repeat=&#8221;repeat&#8221; custom_margin=&#8221;0px|0px|0px|0px&#8221; custom_padding=&#8221;0px|0px|0px|0px&#8221; global_colors_info=&#8221;{}&#8221;][et_pb_column type=&#8221;4_4&#8243; _builder_version=&#8221;4.16&#8243; custom_padding=&#8221;|||&#8221; global_colors_info=&#8221;{}&#8221; custom_padding__hover=&#8221;|||&#8221;][et_pb_text admin_label=&#8221;Footer&#8221; _builder_version=&#8221;4.16&#8243; link_text_align=&#8221;center&#8221; background_enable_color=&#8221;off&#8221; text_orientation=&#8221;center&#8221; custom_margin=&#8221;0px|0px|0px|0px&#8221; custom_padding=&#8221;0px|0px|0px|0px&#8221; global_colors_info=&#8221;{}&#8221;][\/et_pb_text][\/et_pb_column][\/et_pb_row][\/et_pb_section]<\/p>\n","protected":false},"excerpt":{"rendered":"<p>\u00a0The LIR mission is to keep librarians, academic librarians in particular, informed about technologies that affect their practice. Digital Preservation is the active management of digital resources to ensure they remain accessible and usable over time.\u00a0 The emphasis is on the long-term maintenance of authenticity, reliability, and usability.\u00a0 Digital Preservation: Ensuring Access, Authenticity, and Usability [&hellip;]<\/p>\n","protected":false},"author":145,"featured_media":0,"parent":0,"menu_order":0,"comment_status":"closed","ping_status":"closed","template":"page-template-blank.php","meta":{"_et_pb_use_builder":"on","_et_pb_old_content":"","_et_gb_content_width":"","footnotes":""},"class_list":["post-3882","page","type-page","status-publish","hentry"],"_links":{"self":[{"href":"https:\/\/lirgroup.heanet.ie\/index.php\/wp-json\/wp\/v2\/pages\/3882","targetHints":{"allow":["GET"]}}],"collection":[{"href":"https:\/\/lirgroup.heanet.ie\/index.php\/wp-json\/wp\/v2\/pages"}],"about":[{"href":"https:\/\/lirgroup.heanet.ie\/index.php\/wp-json\/wp\/v2\/types\/page"}],"author":[{"embeddable":true,"href":"https:\/\/lirgroup.heanet.ie\/index.php\/wp-json\/wp\/v2\/users\/145"}],"replies":[{"embeddable":true,"href":"https:\/\/lirgroup.heanet.ie\/index.php\/wp-json\/wp\/v2\/comments?post=3882"}],"version-history":[{"count":28,"href":"https:\/\/lirgroup.heanet.ie\/index.php\/wp-json\/wp\/v2\/pages\/3882\/revisions"}],"predecessor-version":[{"id":4443,"href":"https:\/\/lirgroup.heanet.ie\/index.php\/wp-json\/wp\/v2\/pages\/3882\/revisions\/4443"}],"wp:attachment":[{"href":"https:\/\/lirgroup.heanet.ie\/index.php\/wp-json\/wp\/v2\/media?parent=3882"}],"curies":[{"name":"wp","href":"https:\/\/api.w.org\/{rel}","templated":true}]}}